{"id":61,"date":"2023-02-18T20:29:51","date_gmt":"2023-02-18T20:29:51","guid":{"rendered":"https:\/\/zivpet.com\/?page_id=61"},"modified":"2025-07-02T08:10:00","modified_gmt":"2025-07-02T08:10:00","slug":"https-zivpet-com","status":"publish","type":"page","link":"https:\/\/zivpet.com\/","title":{"rendered":"ZIV PET GROOMER"},"content":{"rendered":"<h3>\u1ede \u0110\u00e2y C\u1eaft L\u00f4ng Ch\u00f3, Xinh H\u01a1n Ng\u01b0\u1eddi Y\u00eau C\u0169 C\u1ee7a B\u1ea1n!!!<\/h3>\n<p><a href=\"https:\/\/www.facebook.com\/zivpetspa\">ZIV PET GROOMER<\/a> CHUY\u00caN D\u1ecaCH V\u1ee4 SPA T\u1eaeM S\u1ea4Y, C\u1eaeT T\u1ec8A L\u00d4NG T\u1ea0O KI\u1ec2U NGH\u1ec6 THU\u1eacT, C\u1ea0O L\u00d4NG, NHU\u1ed8M, KH\u00c1CH S\u1ea0N. (GI\u00c1 SI\u00caU R\u1eba)<\/p>\n<h2>L\u00e0m \u0110\u1eb9p Spa Th\u00fa C\u01b0ng \u2013 D\u1ecbch V\u1ee5 Ch\u0103m S\u00f3c Ho\u00e0n H\u1ea3o Cho Boss C\u1ee7a B\u1ea1n<\/h2>\n<h2>Gi\u1edbi Thi\u1ec7u D\u1ecbch V\u1ee5 Spa Th\u00fa C\u01b0ng<\/h2>\n<p>B\u1ea1n \u0111ang t\u00ecm ki\u1ebfm m\u1ed9t d\u1ecbch v\u1ee5 <strong>Spa th\u00fa c\u01b0ng chuy\u00ean nghi\u1ec7p<\/strong> \u0111\u1ec3 gi\u00fap b\u00e9 c\u01b0ng c\u1ee7a b\u1ea1n lu\u00f4n s\u1ea1ch s\u1ebd, th\u01a1m tho v\u00e0 kh\u1ecfe m\u1ea1nh? Hi\u1ec7n nay, c\u00e1c d\u1ecbch v\u1ee5 <strong>t\u1eafm spa cho ch\u00f3<\/strong>\u00a0kh\u00f4ng ch\u1ec9 gi\u00fap th\u00fa c\u01b0ng th\u01b0 gi\u00e3n m\u00e0 c\u00f2n n\u00e2ng cao s\u1ee9c kh\u1ecfe v\u00e0 ng\u0103n ng\u1eeba b\u1ec7nh t\u1eadt.<\/p>\n<h2>T\u1ea1i Sao N\u00ean \u0110\u01b0a Th\u00fa C\u01b0ng \u0110i Spa Th\u01b0\u1eddng Xuy\u00ean?<\/h2>\n<p>Th\u00fa c\u01b0ng c\u0169ng nh\u01b0 con ng\u01b0\u1eddi, c\u1ea7n \u0111\u01b0\u1ee3c ch\u0103m s\u00f3c da l\u00f4ng v\u00e0 v\u1ec7 sinh \u0111\u1ecbnh k\u1ef3. M\u1ed9t s\u1ed1 l\u1ee3i \u00edch khi \u0111\u01b0a th\u00fa c\u01b0ng \u0111\u1ebfn Spa bao g\u1ed3m:<\/p>\n<ul>\n<li><strong>Gi\u1eef g\u00ecn v\u1ec7 sinh l\u00f4ng v\u00e0 da<\/strong>: Gi\u1ea3m r\u1ee5ng l\u00f4ng, lo\u1ea1i b\u1ecf b\u1ee5i b\u1ea9n v\u00e0 vi khu\u1ea9n.<\/li>\n<li><strong>Ng\u0103n ng\u1eeba b\u1ec7nh t\u1eadt<\/strong>: Ph\u00e1t hi\u1ec7n s\u1edbm c\u00e1c v\u1ea5n \u0111\u1ec1 v\u1ec1 da, k\u00fd sinh tr\u00f9ng, ho\u1eb7c d\u1ecb \u1ee9ng.<\/li>\n<li><strong>Th\u01b0 gi\u00e3n v\u00e0 gi\u1ea3m c\u0103ng th\u1eb3ng<\/strong>: C\u00e1c li\u1ec7u ph\u00e1p massage gi\u00fap th\u00fa c\u01b0ng c\u1ea3m th\u1ea5y d\u1ec5 ch\u1ecbu h\u01a1n.<\/li>\n<li><strong>T\u1ea1o di\u1ec7n m\u1ea1o \u0111\u1eb9p h\u01a1n<\/strong>: L\u00f4ng m\u01b0\u1ee3t, th\u01a1m l\u00e2u, t\u1ea1o phong c\u00e1ch \u0111\u00e1ng y\u00eau h\u01a1n cho th\u00fa c\u01b0ng.<\/li>\n<\/ul>\n<h2>C\u00e1c D\u1ecbch V\u1ee5 L\u00e0m \u0110\u1eb9p T\u1ea1i Spa Th\u00fa C\u01b0ng<\/h2>\n<p>T\u1ea1i Ziv Pet Spa th\u00fa c\u01b0ng uy t\u00edn, b\u1ea1n c\u00f3 th\u1ec3 l\u1ef1a ch\u1ecdn nhi\u1ec1u g\u00f3i d\u1ecbch v\u1ee5 chuy\u00ean nghi\u1ec7p nh\u01b0:<\/p>\n<ul>\n<li><strong>T\u1eafm g\u1ed9i &amp; v\u1ec7 sinh<\/strong>: S\u1eed d\u1ee5ng s\u1eefa t\u1eafm ph\u00f9 h\u1ee3p v\u1edbi t\u1eebng lo\u1ea1i l\u00f4ng v\u00e0 da.<\/li>\n<li><strong>C\u1eaft t\u1ec9a l\u00f4ng ngh\u1ec7 thu\u1eadt<\/strong>: T\u1ea1o ki\u1ec3u theo y\u00eau c\u1ea7u, ph\u00f9 h\u1ee3p v\u1edbi t\u1eebng gi\u1ed1ng th\u00fa c\u01b0ng.<\/li>\n<li><strong>V\u1ec7 sinh tai, c\u1eaft m\u00f3ng, l\u00e0m s\u1ea1ch tuy\u1ebfn h\u00f4i<\/strong>: Gi\u00fap th\u00fa c\u01b0ng lu\u00f4n s\u1ea1ch s\u1ebd v\u00e0 th\u01a1m tho.<\/li>\n<li><strong>Massage th\u01b0 gi\u00e3n<\/strong>: Gi\u00fap b\u00e9 c\u01b0ng c\u1ea3m th\u1ea5y tho\u1ea3i m\u00e1i, gi\u1ea3m c\u0103ng th\u1eb3ng.<\/li>\n<li><strong>Li\u1ec7u tr\u00ecnh ch\u0103m s\u00f3c da<\/strong>: Tr\u1ecb li\u1ec7u d\u01b0\u1ee1ng da, d\u01b0\u1ee1ng l\u00f4ng v\u1edbi c\u00e1c s\u1ea3n ph\u1ea9m an to\u00e0n.<\/li>\n<\/ul>\n<h2>L\u1ef1a Ch\u1ecdn Spa Th\u00fa C\u01b0ng Uy T\u00edn Nh\u01b0 Th\u1ebf N\u00e0o?<\/h2>\n<p>\u0110\u1ec3 \u0111\u1ea3m b\u1ea3o <strong>d\u1ecbch v\u1ee5 spa cho th\u00fa c\u01b0ng<\/strong> \u0111\u1ea1t ch\u1ea5t l\u01b0\u1ee3ng t\u1ed1t, b\u1ea1n n\u00ean l\u1ef1a ch\u1ecdn c\u00e1c c\u01a1 s\u1edf \u0111\u00e1p \u1ee9ng c\u00e1c ti\u00eau ch\u00ed sau:<\/p>\n<ul>\n<li><strong>C\u00f3 \u0111\u1ed9i ng\u0169 chuy\u00ean vi\u00ean gi\u00e0u kinh nghi\u1ec7m<\/strong>: \u0110\u01b0\u1ee3c \u0111\u00e0o t\u1ea1o b\u00e0i b\u1ea3n v\u1ec1 ch\u0103m s\u00f3c th\u00fa c\u01b0ng.<\/li>\n<li><strong>S\u1eed d\u1ee5ng s\u1ea3n ph\u1ea9m an to\u00e0n<\/strong>: Kh\u00f4ng ch\u1ee9a h\u00f3a ch\u1ea5t \u0111\u1ed9c h\u1ea1i, ph\u00f9 h\u1ee3p v\u1edbi t\u1eebng lo\u1ea1i da v\u00e0 l\u00f4ng.<\/li>\n<li><strong>C\u01a1 s\u1edf v\u1eadt ch\u1ea5t hi\u1ec7n \u0111\u1ea1i<\/strong>: Ph\u00f2ng spa s\u1ea1ch s\u1ebd, thi\u1ebft b\u1ecb ch\u0103m s\u00f3c ti\u00ean ti\u1ebfn.<\/li>\n<li><strong>\u0110\u00e1nh gi\u00e1 t\u1ed1t t\u1eeb kh\u00e1ch h\u00e0ng<\/strong>: Ki\u1ec3m tra \u0111\u00e1nh gi\u00e1 tr\u00ean website, fanpage tr\u01b0\u1edbc khi \u0111\u1eb7t l\u1ecbch.<\/li>\n<\/ul>\n<h2>K\u1ebft Lu\u1eadn<\/h2>\n<p>D\u1ecbch v\u1ee5 <strong>Spa th\u00fa c\u01b0ng<\/strong> kh\u00f4ng ch\u1ec9 gi\u00fap b\u00e9 c\u01b0ng c\u1ee7a b\u1ea1n \u0111\u1eb9p h\u01a1n m\u00e0 c\u00f2n t\u0103ng c\u01b0\u1eddng s\u1ee9c kh\u1ecfe v\u00e0 tinh th\u1ea7n. H\u00e3y ch\u1ecdn m\u1ed9t <strong>spa ch\u0103m s\u00f3c th\u00fa c\u01b0ng<\/strong> uy t\u00edn \u0111\u1ec3 \u0111\u1ea3m b\u1ea3o boss c\u1ee7a b\u1ea1n lu\u00f4n \u0111\u01b0\u1ee3c y\u00eau th\u01b0\u01a1ng v\u00e0 ch\u0103m s\u00f3c t\u1ed1t nh\u1ea5t!<\/p>\n<p><strong>B\u1ea1n \u0111\u00e3 t\u1eebng tr\u1ea3i nghi\u1ec7m d\u1ecbch v\u1ee5 Spa cho th\u00fa c\u01b0ng ch\u01b0a? H\u00e3y chia s\u1ebb c\u1ea3m nh\u1eadn c\u1ee7a b\u1ea1n v\u1edbi ch\u00fang t\u00f4i nh\u00e9!<\/strong><\/p>\n<h2>\u5bf5\u7269\u7f8e\u5bb9\uff0c\u624b\u5de5\u526a\u6bdb\u6f02\u4eae\u904e\u4f60\u7684\u524d\u5ea6\uff01\uff01\uff01<\/h2>\n<p>\u5c08\u670d\u52d9\u5bf5\u7269\u6d17\u6fa1\u6c90\u6d74\uff0c\u624b\u5de5\u85dd\u8853\u526a\u6bdb\uff0c\u5243\u6bdb\uff0c\u67d3\u6bdb\u9aee\uff0c\u9152\u5e97\u3002\uff08\u50f9\u9322\u8d85\u4fbf\u5b9c\uff09<\/p>\n<p><img loading=\"lazy\" decoding=\"async\" class=\"alignnone wp-image-44 size-full\" src=\"http:\/\/zivpet.com\/wp-content\/uploads\/2018\/01\/20210313002620.jpg\" alt=\"\" width=\"656\" height=\"437\" srcset=\"https:\/\/zivpet.com\/wp-content\/uploads\/2018\/01\/20210313002620.jpg 656w, https:\/\/zivpet.com\/wp-content\/uploads\/2018\/01\/20210313002620-300x200.jpg 300w\" sizes=\"auto, (max-width: 656px) 100vw, 656px\" \/><\/p>\n<p><img loading=\"lazy\" decoding=\"async\" class=\"alignnone wp-image-46 size-full\" src=\"http:\/\/zivpet.com\/wp-content\/uploads\/2018\/01\/1284.jpg\" alt=\"\" width=\"703\" height=\"469\" srcset=\"https:\/\/zivpet.com\/wp-content\/uploads\/2018\/01\/1284.jpg 703w, https:\/\/zivpet.com\/wp-content\/uploads\/2018\/01\/1284-300x200.jpg 300w\" sizes=\"auto, (max-width: 703px) 100vw, 703px\" \/><\/p>\n<p><img loading=\"lazy\" decoding=\"async\" class=\"alignnone wp-image-45 size-full\" src=\"http:\/\/zivpet.com\/wp-content\/uploads\/2018\/01\/pet_grooming.jpg\" alt=\"\" width=\"1200\" height=\"600\" srcset=\"https:\/\/zivpet.com\/wp-content\/uploads\/2018\/01\/pet_grooming.jpg 1200w, https:\/\/zivpet.com\/wp-content\/uploads\/2018\/01\/pet_grooming-300x150.jpg 300w, https:\/\/zivpet.com\/wp-content\/uploads\/2018\/01\/pet_grooming-1024x512.jpg 1024w, https:\/\/zivpet.com\/wp-content\/uploads\/2018\/01\/pet_grooming-768x384.jpg 768w\" sizes=\"auto, (max-width: 1200px) 100vw, 1200px\" \/><\/p>\n<h1><a href=\"https:\/\/zivpet.com\/\"><span style=\"color: #339966;\"><strong>ZIV PET SPA GROOMING &amp; HOTEL<\/strong><\/span><\/a><\/h1>\n<p>C\u1eaft T\u1ec9a L\u00f4ng Ch\u00f3 Qu\u1eadn 11, L\u01b0u Tr\u00fa K\u00fd G\u1eedi Th\u00fa C\u01b0ng Qu\u1eadn 11, T\u1eafm V\u1ec7 Sinh Th\u00fa C\u01b0ng Qu\u1eadn 11<\/p>\n<p><span style=\"color: #339966;\"><strong>\u0110\u1ecaA CH\u1ec8: 49 X\u00d3M \u0110\u1ea4T, PH\u01af\u1edcNG B\u00ccNH TH\u1edaI, QU\u1eacN 11<\/strong><\/span><br \/>\n<span style=\"color: #339966;\"><strong>Fanpage: <a href=\"https:\/\/www.facebook.com\/zivpetspa\">www.facebook.com\/zivpetspa<\/a><\/strong><\/span><br \/>\n<span style=\"color: #339966;\"><strong>Tiktok: <a href=\"https:\/\/www.tiktok.com\/@zivpetspa\">www.tiktok.com\/@zivpetspa<\/a><\/strong><\/span><br \/>\n<span style=\"color: #339966;\"><strong>LI\u1ec6N H\u1ec6 \u0110T &amp; ZALO: 0901114913 &amp; 0786668328<\/strong><\/span><\/p>\n","protected":false},"excerpt":{"rendered":"<p>\u1ede \u0110\u00e2y C\u1eaft L\u00f4ng Ch\u00f3, Xinh H\u01a1n Ng\u01b0\u1eddi Y\u00eau C\u0169 C\u1ee7a B\u1ea1n!!! ZIV PET GROOMER CHUY\u00caN D\u1ecaCH V\u1ee4 SPA T\u1eaeM S\u1ea4Y, C\u1eaeT T\u1ec8A L\u00d4NG T\u1ea0O KI\u1ec2U NGH\u1ec6 THU\u1eacT, C\u1ea0O L\u00d4NG, NHU\u1ed8M, KH\u00c1CH S\u1ea0N. (GI\u00c1 SI\u00caU R\u1eba) L\u00e0m \u0110\u1eb9p Spa Th\u00fa C\u01b0ng \u2013 D\u1ecbch V\u1ee5 Ch\u0103m S\u00f3c Ho\u00e0n H\u1ea3o Cho Boss C\u1ee7a B\u1ea1n Gi\u1edbi Thi\u1ec7u D\u1ecbch [&hellip;]<\/p>\n","protected":false},"author":1,"featured_media":0,"parent":0,"menu_order":0,"comment_status":"closed","ping_status":"closed","template":"","meta":{"footnotes":""},"class_list":["post-61","page","type-page","status-publish","hentry"],"yoast_head":"<!-- This site is optimized with the Yoast SEO plugin v27.4 - https:\/\/yoast.com\/product\/yoast-seo-wordpress\/ -->\n<title>L\u00e0m \u0110\u1eb9p Th\u00fa C\u01b0ng \u2013 Ch\u0103m S\u00f3c Ho\u00e0n H\u1ea3o Cho Boss C\u1ee7a B\u1ea1n<\/title>\n<meta name=\"description\" content=\"D\u1ecbch v\u1ee5 Spa th\u00fa c\u01b0ng chuy\u00ean nghi\u1ec7p gi\u00fap ch\u00f3 s\u1ea1ch s\u1ebd, th\u01a1m tho v\u00e0 kh\u1ecfe m\u1ea1nh. T\u1eafm spa, c\u1eaft t\u1ec9a l\u00f4ng, massage th\u01b0 gi\u00e3n v\u00e0 ch\u0103m s\u00f3c to\u00e0n di\u1ec7n.\" \/>\n<meta name=\"robots\" content=\"index, follow, max-snippet:-1, max-image-preview:large, max-video-preview:-1\" \/>\n<link rel=\"canonical\" href=\"https:\/\/zivpet.com\/\" \/>\n<meta property=\"og:locale\" content=\"vi_VN\" \/>\n<meta property=\"og:type\" content=\"article\" \/>\n<meta property=\"og:title\" content=\"L\u00e0m \u0110\u1eb9p Th\u00fa C\u01b0ng \u2013 Ch\u0103m S\u00f3c Ho\u00e0n H\u1ea3o Cho Boss C\u1ee7a B\u1ea1n\" \/>\n<meta property=\"og:description\" content=\"D\u1ecbch v\u1ee5 Spa th\u00fa c\u01b0ng chuy\u00ean nghi\u1ec7p gi\u00fap ch\u00f3 s\u1ea1ch s\u1ebd, th\u01a1m tho v\u00e0 kh\u1ecfe m\u1ea1nh. T\u1eafm spa, c\u1eaft t\u1ec9a l\u00f4ng, massage th\u01b0 gi\u00e3n v\u00e0 ch\u0103m s\u00f3c to\u00e0n di\u1ec7n.\" \/>\n<meta property=\"og:url\" content=\"https:\/\/zivpet.com\/\" \/>\n<meta property=\"og:site_name\" content=\"Ziv Pet Spa Grooming &amp; Hotel\" \/>\n<meta property=\"article:modified_time\" content=\"2025-07-02T08:10:00+00:00\" \/>\n<meta property=\"og:image\" content=\"https:\/\/zivpet.com\/wp-content\/uploads\/2018\/01\/20210313002620.jpg\" \/>\n\t<meta property=\"og:image:width\" content=\"656\" \/>\n\t<meta property=\"og:image:height\" content=\"437\" \/>\n\t<meta property=\"og:image:type\" content=\"image\/jpeg\" \/>\n<meta name=\"twitter:card\" content=\"summary_large_image\" \/>\n<meta name=\"twitter:label1\" content=\"\u01af\u1edbc t\u00ednh th\u1eddi gian \u0111\u1ecdc\" \/>\n\t<meta name=\"twitter:data1\" content=\"4 ph\u00fat\" \/>\n<script type=\"application\/ld+json\" class=\"yoast-schema-graph\">{\"@context\":\"https:\\\/\\\/schema.org\",\"@graph\":[{\"@type\":\"WebPage\",\"@id\":\"https:\\\/\\\/zivpet.com\\\/\",\"url\":\"https:\\\/\\\/zivpet.com\\\/\",\"name\":\"L\u00e0m \u0110\u1eb9p Th\u00fa C\u01b0ng \u2013 Ch\u0103m S\u00f3c Ho\u00e0n H\u1ea3o Cho Boss C\u1ee7a B\u1ea1n\",\"isPartOf\":{\"@id\":\"https:\\\/\\\/zivpet.com\\\/#website\"},\"primaryImageOfPage\":{\"@id\":\"https:\\\/\\\/zivpet.com\\\/#primaryimage\"},\"image\":{\"@id\":\"https:\\\/\\\/zivpet.com\\\/#primaryimage\"},\"thumbnailUrl\":\"http:\\\/\\\/zivpet.com\\\/wp-content\\\/uploads\\\/2018\\\/01\\\/20210313002620.jpg\",\"datePublished\":\"2023-02-18T20:29:51+00:00\",\"dateModified\":\"2025-07-02T08:10:00+00:00\",\"description\":\"D\u1ecbch v\u1ee5 Spa th\u00fa c\u01b0ng chuy\u00ean nghi\u1ec7p gi\u00fap ch\u00f3 s\u1ea1ch s\u1ebd, th\u01a1m tho v\u00e0 kh\u1ecfe m\u1ea1nh. T\u1eafm spa, c\u1eaft t\u1ec9a l\u00f4ng, massage th\u01b0 gi\u00e3n v\u00e0 ch\u0103m s\u00f3c to\u00e0n di\u1ec7n.\",\"breadcrumb\":{\"@id\":\"https:\\\/\\\/zivpet.com\\\/#breadcrumb\"},\"inLanguage\":\"vi\",\"potentialAction\":[{\"@type\":\"ReadAction\",\"target\":[\"https:\\\/\\\/zivpet.com\\\/\"]}]},{\"@type\":\"ImageObject\",\"inLanguage\":\"vi\",\"@id\":\"https:\\\/\\\/zivpet.com\\\/#primaryimage\",\"url\":\"http:\\\/\\\/zivpet.com\\\/wp-content\\\/uploads\\\/2018\\\/01\\\/20210313002620.jpg\",\"contentUrl\":\"http:\\\/\\\/zivpet.com\\\/wp-content\\\/uploads\\\/2018\\\/01\\\/20210313002620.jpg\"},{\"@type\":\"BreadcrumbList\",\"@id\":\"https:\\\/\\\/zivpet.com\\\/#breadcrumb\",\"itemListElement\":[{\"@type\":\"ListItem\",\"position\":1,\"name\":\"Trang ch\u1ee7\",\"item\":\"https:\\\/\\\/zivpet.com\\\/\"},{\"@type\":\"ListItem\",\"position\":2,\"name\":\"ZIV PET GROOMER\"}]},{\"@type\":\"WebSite\",\"@id\":\"https:\\\/\\\/zivpet.com\\\/#website\",\"url\":\"https:\\\/\\\/zivpet.com\\\/\",\"name\":\"Ziv Pet Spa Grooming &amp; Hotel\",\"description\":\"\u1ede \u0110\u00e2y C\u1eaft L\u00f4ng Ch\u00f3, Xinh h\u01a1n ng\u01b0\u1eddi y\u00eau c\u0169 c\u1ee7a B\u1ea1n! Ziv Pet Groomer\",\"potentialAction\":[{\"@type\":\"SearchAction\",\"target\":{\"@type\":\"EntryPoint\",\"urlTemplate\":\"https:\\\/\\\/zivpet.com\\\/?s={search_term_string}\"},\"query-input\":{\"@type\":\"PropertyValueSpecification\",\"valueRequired\":true,\"valueName\":\"search_term_string\"}}],\"inLanguage\":\"vi\"}]}<\/script>\n<!-- \/ Yoast SEO plugin. -->","yoast_head_json":{"title":"L\u00e0m \u0110\u1eb9p Th\u00fa C\u01b0ng \u2013 Ch\u0103m S\u00f3c Ho\u00e0n H\u1ea3o Cho Boss C\u1ee7a B\u1ea1n","description":"D\u1ecbch v\u1ee5 Spa th\u00fa c\u01b0ng chuy\u00ean nghi\u1ec7p gi\u00fap ch\u00f3 s\u1ea1ch s\u1ebd, th\u01a1m tho v\u00e0 kh\u1ecfe m\u1ea1nh. T\u1eafm spa, c\u1eaft t\u1ec9a l\u00f4ng, massage th\u01b0 gi\u00e3n v\u00e0 ch\u0103m s\u00f3c to\u00e0n di\u1ec7n.","robots":{"index":"index","follow":"follow","max-snippet":"max-snippet:-1","max-image-preview":"max-image-preview:large","max-video-preview":"max-video-preview:-1"},"canonical":"https:\/\/zivpet.com\/","og_locale":"vi_VN","og_type":"article","og_title":"L\u00e0m \u0110\u1eb9p Th\u00fa C\u01b0ng \u2013 Ch\u0103m S\u00f3c Ho\u00e0n H\u1ea3o Cho Boss C\u1ee7a B\u1ea1n","og_description":"D\u1ecbch v\u1ee5 Spa th\u00fa c\u01b0ng chuy\u00ean nghi\u1ec7p gi\u00fap ch\u00f3 s\u1ea1ch s\u1ebd, th\u01a1m tho v\u00e0 kh\u1ecfe m\u1ea1nh. T\u1eafm spa, c\u1eaft t\u1ec9a l\u00f4ng, massage th\u01b0 gi\u00e3n v\u00e0 ch\u0103m s\u00f3c to\u00e0n di\u1ec7n.","og_url":"https:\/\/zivpet.com\/","og_site_name":"Ziv Pet Spa Grooming &amp; Hotel","article_modified_time":"2025-07-02T08:10:00+00:00","og_image":[{"width":656,"height":437,"url":"https:\/\/zivpet.com\/wp-content\/uploads\/2018\/01\/20210313002620.jpg","type":"image\/jpeg"}],"twitter_card":"summary_large_image","twitter_misc":{"\u01af\u1edbc t\u00ednh th\u1eddi gian \u0111\u1ecdc":"4 ph\u00fat"},"schema":{"@context":"https:\/\/schema.org","@graph":[{"@type":"WebPage","@id":"https:\/\/zivpet.com\/","url":"https:\/\/zivpet.com\/","name":"L\u00e0m \u0110\u1eb9p Th\u00fa C\u01b0ng \u2013 Ch\u0103m S\u00f3c Ho\u00e0n H\u1ea3o Cho Boss C\u1ee7a B\u1ea1n","isPartOf":{"@id":"https:\/\/zivpet.com\/#website"},"primaryImageOfPage":{"@id":"https:\/\/zivpet.com\/#primaryimage"},"image":{"@id":"https:\/\/zivpet.com\/#primaryimage"},"thumbnailUrl":"http:\/\/zivpet.com\/wp-content\/uploads\/2018\/01\/20210313002620.jpg","datePublished":"2023-02-18T20:29:51+00:00","dateModified":"2025-07-02T08:10:00+00:00","description":"D\u1ecbch v\u1ee5 Spa th\u00fa c\u01b0ng chuy\u00ean nghi\u1ec7p gi\u00fap ch\u00f3 s\u1ea1ch s\u1ebd, th\u01a1m tho v\u00e0 kh\u1ecfe m\u1ea1nh. T\u1eafm spa, c\u1eaft t\u1ec9a l\u00f4ng, massage th\u01b0 gi\u00e3n v\u00e0 ch\u0103m s\u00f3c to\u00e0n di\u1ec7n.","breadcrumb":{"@id":"https:\/\/zivpet.com\/#breadcrumb"},"inLanguage":"vi","potentialAction":[{"@type":"ReadAction","target":["https:\/\/zivpet.com\/"]}]},{"@type":"ImageObject","inLanguage":"vi","@id":"https:\/\/zivpet.com\/#primaryimage","url":"http:\/\/zivpet.com\/wp-content\/uploads\/2018\/01\/20210313002620.jpg","contentUrl":"http:\/\/zivpet.com\/wp-content\/uploads\/2018\/01\/20210313002620.jpg"},{"@type":"BreadcrumbList","@id":"https:\/\/zivpet.com\/#breadcrumb","itemListElement":[{"@type":"ListItem","position":1,"name":"Trang ch\u1ee7","item":"https:\/\/zivpet.com\/"},{"@type":"ListItem","position":2,"name":"ZIV PET GROOMER"}]},{"@type":"WebSite","@id":"https:\/\/zivpet.com\/#website","url":"https:\/\/zivpet.com\/","name":"Ziv Pet Spa Grooming &amp; Hotel","description":"\u1ede \u0110\u00e2y C\u1eaft L\u00f4ng Ch\u00f3, Xinh h\u01a1n ng\u01b0\u1eddi y\u00eau c\u0169 c\u1ee7a B\u1ea1n! Ziv Pet Groomer","potentialAction":[{"@type":"SearchAction","target":{"@type":"EntryPoint","urlTemplate":"https:\/\/zivpet.com\/?s={search_term_string}"},"query-input":{"@type":"PropertyValueSpecification","valueRequired":true,"valueName":"search_term_string"}}],"inLanguage":"vi"}]}},"_links":{"self":[{"href":"https:\/\/zivpet.com\/index.php?rest_route=\/wp\/v2\/pages\/61","targetHints":{"allow":["GET"]}}],"collection":[{"href":"https:\/\/zivpet.com\/index.php?rest_route=\/wp\/v2\/pages"}],"about":[{"href":"https:\/\/zivpet.com\/index.php?rest_route=\/wp\/v2\/types\/page"}],"author":[{"embeddable":true,"href":"https:\/\/zivpet.com\/index.php?rest_route=\/wp\/v2\/users\/1"}],"replies":[{"embeddable":true,"href":"https:\/\/zivpet.com\/index.php?rest_route=%2Fwp%2Fv2%2Fcomments&post=61"}],"version-history":[{"count":9,"href":"https:\/\/zivpet.com\/index.php?rest_route=\/wp\/v2\/pages\/61\/revisions"}],"predecessor-version":[{"id":190,"href":"https:\/\/zivpet.com\/index.php?rest_route=\/wp\/v2\/pages\/61\/revisions\/190"}],"wp:attachment":[{"href":"https:\/\/zivpet.com\/index.php?rest_route=%2Fwp%2Fv2%2Fmedia&parent=61"}],"curies":[{"name":"wp","href":"https:\/\/api.w.org\/{rel}","templated":true}]}}