{"id":27,"date":"2023-02-18T19:21:43","date_gmt":"2023-02-18T19:21:43","guid":{"rendered":"https:\/\/zivpet.com\/?page_id=27"},"modified":"2025-07-02T08:11:03","modified_gmt":"2025-07-02T08:11:03","slug":"dich-vu-spa-cat","status":"publish","type":"page","link":"https:\/\/zivpet.com\/?page_id=27","title":{"rendered":"C\u1eaft T\u1ec9a C\u1ea1o L\u00f4ng"},"content":{"rendered":"<p>C\u1eaeT T\u1ec8A L\u00d4NG CHO CH\u00d3 &#8211; GROOMING NGH\u1ec6 THU\u1eacT TH\u1ea8M M\u1ef8 CH\u1ea4T L\u01af\u1ee2NG<\/p>\n<p>ZIV PET GROOMING t\u01b0\u0323 tin l\u00e0 n\u01a1i \u0111\u00e1ng tin c\u00e2\u0323y \u0111\u00ea\u0309 c\u00e1c Ba Me\u0323 c\u00f3 th\u00ea\u0309 g\u01b0\u0309i g\u0103\u0301m th\u00e0nh vi\u00ean \u0111\u0103\u0323c bi\u00ea\u0323t cu\u0309a m\u00ecnh cho ZIV PET SPA GROOMING &amp; HOTEL ch\u0103m s\u00f3c b\u0103\u0300ng t\u00e2\u0301t ca\u0309 s\u01b0\u0323 y\u00eau th\u01b0\u01a1ng, \u00e2n c\u00e2\u0300n, chuy\u00ean nghi\u00ea\u0323p cu\u0309a c\u00e1c Groomers.<\/p>\n<p><img loading=\"lazy\" decoding=\"async\" class=\"alignnone wp-image-100 size-full\" src=\"http:\/\/zivpet.com\/wp-content\/uploads\/2023\/03\/Ziv7.jpg\" alt=\"Ziv Pet Spa Grooming, Pet Groomer, C\u1eaft t\u1ea1o ki\u1ec3u, c\u1eaft l\u00f4ng ch\u00f3, c\u1eaft l\u00f4ng th\u00fa c\u01b0ng\" width=\"1113\" height=\"1080\" srcset=\"https:\/\/zivpet.com\/wp-content\/uploads\/2023\/03\/Ziv7.jpg 1113w, https:\/\/zivpet.com\/wp-content\/uploads\/2023\/03\/Ziv7-300x291.jpg 300w, https:\/\/zivpet.com\/wp-content\/uploads\/2023\/03\/Ziv7-1024x994.jpg 1024w, https:\/\/zivpet.com\/wp-content\/uploads\/2023\/03\/Ziv7-768x745.jpg 768w\" sizes=\"auto, (max-width: 1113px) 100vw, 1113px\" \/><\/p>\n<p>C\u00f9ng v\u01a1\u0301i chuy\u00ean m\u00f4n v\u00e0 kinh nghi\u00ea\u0323m ch\u0103m s\u00f3c, l\u00e0m \u0111e\u0323p cho r\u00e2\u0301t nhi\u00ea\u0300u b\u00e9 v\u01a1\u0301i nhi\u00ea\u0300u gi\u00f4\u0301ng lo\u00e0i kh\u00e1c nhau nh\u01b0 Poodle, Ph\u00f4\u0301c S\u00f3c, Corgi,&#8230; \u0110\u01b0\u01a1\u0323c s\u01b0\u0323 h\u00e0i l\u00f2ng v\u00e0 tin t\u01b0\u01a1\u0309ng t\u01b0\u0300 h\u00ea\u0301t tha\u0309y c\u00e1c Ba Me\u0323 \u0111\u00e3 \u0111\u01b0a c\u00e1c b\u00e9 \u0111\u00ea\u0301n l\u00e0m di\u0323ch vu\u0323 ta\u0323i ZIV PET SPA GROOMING &amp; HOTEL.<\/p>\n<p>Groomers cu\u0309a ZIV PET \u0111\u00e3 \u0111\u01b0\u01a1\u0323c trao d\u00f4\u0300i v\u00e0 c\u00f3 \u0111\u00e2\u0300y \u0111u\u0309 c\u00e1c ki\u0303 n\u0103ng:<\/p>\n<p>&#8211; Groomers \u0111\u01b0\u01a1\u0323c \u0111\u00e0o t\u00e0o chuy\u00ean nghi\u00ea\u0323p, c\u00f3 b\u0103\u0300ng c\u00e2\u0301p chuy\u00ean m\u00f4n v\u00e0 ch\u01b0\u0301ng chi\u0309 h\u00e0nh ngh\u00ea\u0300.<\/p>\n<p>&#8211; Groomers c\u00f3 ki\u00ea\u0301n th\u01b0\u0301c chuy\u00ean s\u00e2u v\u00ea\u0300 t\u00e2\u0301t ca\u0309 c\u00e1c gi\u00f4\u0301ng ch\u00f3.<\/p>\n<p>&#8211; Groomers \u0111\u0103\u0323c bi\u00ea\u0323t r\u00e2\u0301t y\u00eau th\u01b0\u01a1ng v\u00e0 \u00e2n c\u00e2\u0300n v\u01a1\u0301i th\u00fa c\u01b0ng.<\/p>\n<p><img loading=\"lazy\" decoding=\"async\" class=\"alignnone wp-image-96 size-full\" src=\"http:\/\/zivpet.com\/wp-content\/uploads\/2023\/03\/Ziv3.jpg\" alt=\"Ziv Pet Spa Grooming, Pet Groomer, C\u1eaft t\u1ea1o ki\u1ec3u, c\u1eaft l\u00f4ng ch\u00f3, c\u1eaft l\u00f4ng th\u00fa c\u01b0ng\" width=\"1113\" height=\"1080\" srcset=\"https:\/\/zivpet.com\/wp-content\/uploads\/2023\/03\/Ziv3.jpg 1113w, https:\/\/zivpet.com\/wp-content\/uploads\/2023\/03\/Ziv3-300x291.jpg 300w, https:\/\/zivpet.com\/wp-content\/uploads\/2023\/03\/Ziv3-1024x994.jpg 1024w, https:\/\/zivpet.com\/wp-content\/uploads\/2023\/03\/Ziv3-768x745.jpg 768w\" sizes=\"auto, (max-width: 1113px) 100vw, 1113px\" \/><\/p>\n<p>Khi c\u00e1c b\u00e9 \u0111\u01b0\u01a1\u0323c g\u01b0\u0309i \u0111\u00ea\u0301n ZIV PET SPA GROOMING &amp; HOTEL se\u0303 \u0111\u01b0\u01a1\u0323c c\u00e1c Groomers t\u01b0 v\u00e2\u0301n v\u00e0 l\u00e0m theo quy tr\u00ecnh nh\u01b0 sau:<\/p>\n<p>B\u01b0\u01a1\u0301c 1 : Ki\u00ea\u0309m tra da, l\u00f4ng v\u00e2\u0323t nu\u00f4i nh\u0103\u0300m x\u00e1c \u0111i\u0323nh t\u00ecnh tra\u0323ng l\u00f4ng v\u00e0 da cu\u0309a c\u00fan c\u01b0ng.<\/p>\n<p>B\u01b0\u01a1\u0301c 2 : D\u01b0\u0323a v\u00e0o b\u01b0\u01a1\u0301c ki\u00ea\u0309m tra ban \u0111\u00e2\u0300u c\u00e1c Groomers se\u0303 t\u01b0 v\u00e2\u0301n c\u00e1c ki\u00ea\u0309u c\u0103\u0301t l\u00f4ng, v\u00ea\u0323 sinh ph\u00f9 h\u01a1\u0323p \u0111\u00f4\u0301i v\u01a1\u0301i t\u00ecnh tra\u0323ng c\u00fan cho kh\u00e1ch l\u01b0\u0323a cho\u0323n.<\/p>\n<p>B\u01b0\u01a1\u0301c 3 : V\u00ea\u0323 sinh &#8211; nh\u00f4\u0309 l\u00f4ng tai, kh\u01b0\u0309 m\u00f9i h\u00f4i, nh\u1ecf m\u1eaft cho th\u00fa c\u01b0ng.<\/p>\n<p>B\u01b0\u01a1\u0301c 4 : C\u0103\u0301t &#8211; du\u0303a m\u00f3ng.<\/p>\n<p>B\u01b0\u01a1\u0301c 5 : Ca\u0323o v\u00ea\u0323 sinh b\u00e0n ch\u00e2n.<\/p>\n<p>B\u01b0\u1edbc 6 : C\u1ea1o l\u00f4ng bu\u0323ng<\/p>\n<p>B\u01b0\u1edbc 7 : C\u1ea1o h\u00e2\u0323u m\u00f4n.<\/p>\n<p>B\u01b0\u01a1\u0301c 8 : G\u01a1\u0303 l\u00f4ng r\u00f4\u0301i, \u0111\u00e1nh ph\u1ed3ng l\u00f4ng, t\u00e1i t\u1ea1o l\u00f4ng h\u01b0 t\u1ed5n.<\/p>\n<p>B\u01b0\u01a1\u0301c 9 : T\u0103\u0301m g\u00f4\u0323i v\u00ea\u0323 sinh b\u0103\u0300ng n\u01b0\u01a1\u0301c \u00e2\u0301m.<\/p>\n<p>B\u01b0\u01a1\u0301c 10 : V\u0103\u0301t tuy\u00ea\u0301n h\u00f4i gi\u00fap l\u00e0m gia\u0309m m\u00f9i c\u01a1 th\u00ea\u0309 cho th\u00fa c\u01b0ng.<\/p>\n<p>B\u01b0\u1edbc 11 : Massage th\u01b0 gi\u00e3n khi b\u00e9 \u0111ang t\u1eafm.<\/p>\n<p>B\u01b0\u1edbc 12 : S\u1ea5y kh\u00f4 &#8211; ch\u1ea3i ph\u1ed3ng l\u00f4ng<\/p>\n<p>B\u01b0\u1edbc 13 : V\u1ec7 sinh tai l\u1ea7n 2 &#8211; Nh\u1ed5 n\u01b0\u1edbc m\u1eaft<\/p>\n<p>B\u01b0\u1edbc 14 : X\u1ecbt n\u01b0\u1edbc hoa d\u01b0\u1ee1ng l\u00f4ng<\/p>\n<p>B\u01b0\u1edbc 15 : B\u00e1o t\u00ecnh tr\u1ea1ng b\u1ec7nh ngo\u1ea1i da cho kh\u00e1ch bi\u1ebft nh\u01b0 : Vi\u00eam da, n\u1ea5m, x\u00e0 m\u00e2u, ve, b\u1ecd &#8230;. vv tr\u00ean th\u00e2n (N\u1ebfu c\u00f3)<\/p>\n<p><img loading=\"lazy\" decoding=\"async\" class=\"alignnone wp-image-97 size-full\" src=\"http:\/\/zivpet.com\/wp-content\/uploads\/2023\/03\/Ziv4.jpg\" alt=\"Ziv Pet Spa Grooming, Pet Groomer, C\u1eaft t\u1ea1o ki\u1ec3u, c\u1eaft l\u00f4ng ch\u00f3, c\u1eaft l\u00f4ng th\u00fa c\u01b0ng\" width=\"1113\" height=\"1080\" srcset=\"https:\/\/zivpet.com\/wp-content\/uploads\/2023\/03\/Ziv4.jpg 1113w, https:\/\/zivpet.com\/wp-content\/uploads\/2023\/03\/Ziv4-300x291.jpg 300w, https:\/\/zivpet.com\/wp-content\/uploads\/2023\/03\/Ziv4-1024x994.jpg 1024w, https:\/\/zivpet.com\/wp-content\/uploads\/2023\/03\/Ziv4-768x745.jpg 768w\" sizes=\"auto, (max-width: 1113px) 100vw, 1113px\" \/><\/p>\n<p>Spa v\u00e0 massage trong l\u00fac t\u0103\u0301m gi\u00fap th\u00fa c\u01b0ng \u0111\u01b0\u01a1\u0323c th\u01b0 gi\u00e3n.<\/p>\n<p>S\u00e2\u0301y \u0111\u00e1nh t\u01a1i gi\u00fap cho c\u00e1c b\u00e9 tr\u00f4ng nh\u01b0 nh\u01b0\u0303ng cu\u0323c b\u00f4ng th\u00e2\u0323t \u0111\u00e1ng y\u00eau.<\/p>\n<p>C\u0103\u0301t v\u00e0 ta\u0323o ki\u00ea\u0309u theo y\u00eau c\u00e2\u0300u ho\u0103\u0323c ta\u0323o ki\u00ea\u0309u ph\u00f9 h\u01a1\u0323p v\u01a1\u0301i c\u00e1c b\u00e9 (th\u01b0\u0323c h\u00e0nh sau khi t\u01b0 v\u00e2\u0301n v\u00e0 \u0111\u01b0\u01a1\u0323c s\u01b0\u0323 \u0111\u00f4\u0300ng \u00fd cu\u0309a kh\u00e1ch h\u00e0ng)<\/p>\n<p>Xi\u0323t d\u01b0\u01a1\u0303ng l\u00f4ng, gi\u00fap l\u00f4ng th\u01a1m m\u00e1t, m\u00ea\u0300m ma\u0323i.<\/p>\n<p><img loading=\"lazy\" decoding=\"async\" class=\"alignnone wp-image-34 size-full\" src=\"http:\/\/zivpet.com\/wp-content\/uploads\/2023\/02\/\u7f8e\u5bb9\u8b77\u819a\u80fd\u9810\u9632\u5bf5\u7269\u5f97\u75c5-827x425-1.jpg\" alt=\"\" width=\"827\" height=\"425\" srcset=\"https:\/\/zivpet.com\/wp-content\/uploads\/2023\/02\/\u7f8e\u5bb9\u8b77\u819a\u80fd\u9810\u9632\u5bf5\u7269\u5f97\u75c5-827x425-1.jpg 827w, https:\/\/zivpet.com\/wp-content\/uploads\/2023\/02\/\u7f8e\u5bb9\u8b77\u819a\u80fd\u9810\u9632\u5bf5\u7269\u5f97\u75c5-827x425-1-300x154.jpg 300w, https:\/\/zivpet.com\/wp-content\/uploads\/2023\/02\/\u7f8e\u5bb9\u8b77\u819a\u80fd\u9810\u9632\u5bf5\u7269\u5f97\u75c5-827x425-1-768x395.jpg 768w\" sizes=\"auto, (max-width: 827px) 100vw, 827px\" \/><\/p>\n<p>C\u00e1c b\u00e9 khi \u0111\u01b0\u01a1\u0323c ch\u0103m s\u00f3c ki\u0303 l\u01b0\u01a1\u0303ng se\u0303 gi\u00fap c\u00e1c b\u00e9 c\u00f3 s\u01b0\u0301c kho\u0309e t\u00f4\u0301t, nh\u01b0 v\u00e2\u0323y v\u01b0\u0300a an to\u00e0n cho th\u00fa c\u01b0ng v\u00e0 cho ca\u0309 gia \u0111\u00ecnh. V\u00e0 khi c\u00e1c b\u00e9 \u0111\u01b0\u01a1\u0323c ch\u0103m ch\u00fat cho b\u00ea\u0300 ngo\u00e0i cu\u0309a m\u00ecnh th\u01a1m tho, \u0111e\u0323p \u0111e\u0303 th\u00ec cu\u0303ng th\u00ea\u0309 hi\u00ea\u0323n \u0111\u01b0\u01a1\u0323c t\u00ecnh y\u00eau th\u01b0\u01a1ng quan t\u00e2m cu\u0309a Ba Me\u0323 d\u00e0nh cho c\u00fan y\u00eau. V\u00e0 n\u00ea\u0301u ba\u0323n kh\u00f4ng c\u00f3 nhi\u00ea\u0300u th\u01a1\u0300i gian th\u00ec h\u00e3y \u0111\u00ea\u0309 ZIV PET SPA GROOMING &amp; HOTEL l\u00e0m \u0111i\u00ea\u0300u \u0111\u00f3 thay ba\u0323n nh\u00e9.<\/p>\n<table width=\"162\">\n<tbody>\n<tr>\n<td style=\"text-align: center;\" width=\"86\"><strong>Tr\u1ecdng L\u01b0\u1ee3ng<\/strong><\/td>\n<td style=\"text-align: center;\" width=\"76\"><strong>Gi\u00e1<\/strong><\/td>\n<\/tr>\n<tr>\n<td style=\"text-align: center;\">D\u01b0\u1edbi 3kg<\/td>\n<td style=\"text-align: center;\">250K<\/td>\n<\/tr>\n<tr>\n<td style=\"text-align: center;\">3kg &#8211; 6kg<\/td>\n<td style=\"text-align: center;\">300K<\/td>\n<\/tr>\n<tr>\n<td style=\"text-align: center;\">6kg &#8211; 10kg<\/td>\n<td style=\"text-align: center;\">350K &#8211; 400K<\/td>\n<\/tr>\n<tr>\n<td style=\"text-align: center;\">10kg &#8211; 15kg<\/td>\n<td style=\"text-align: center;\">450K &#8211; 500K<\/td>\n<\/tr>\n<tr>\n<td style=\"text-align: center;\">15kg &#8211; 20kg<\/td>\n<td style=\"text-align: center;\">550K &#8211; 600K<\/td>\n<\/tr>\n<tr>\n<td style=\"text-align: center;\">20kg &#8211; 30kg<\/td>\n<td style=\"text-align: center;\">600K &#8211; 700K<\/td>\n<\/tr>\n<tr>\n<td style=\"text-align: center;\">Tr\u00ean 30kg<\/td>\n<td style=\"text-align: center;\">Li\u00ean H\u1ec7<\/td>\n<\/tr>\n<\/tbody>\n<\/table>\n<p>H\u00e3y \u0111\u01b0\u0300ng ng\u00e2\u0300n nga\u0323i v\u00e0 \u0111\u00ea\u0301n ngay v\u01a1\u0301i ZIV PET SPA GROOMING &amp; HOTEL \u0111\u00ea\u0309 c\u00e1c b\u00e9 nh\u00e0 ba\u0323n c\u00f3 th\u00ea\u0309 tra\u0309i nghi\u00ea\u0323m nh\u01b0\u0303ng di\u0323ch vu\u0323 chuy\u00ean nghi\u00ea\u0323p ta\u0323i \u0111\u00e2y nh\u00e9!<\/p>\n<p><img loading=\"lazy\" decoding=\"async\" class=\"alignnone wp-image-101 size-full\" src=\"http:\/\/zivpet.com\/wp-content\/uploads\/2023\/03\/Ziv8.jpg\" alt=\"Ziv Pet Spa Grooming, Pet Groomer, C\u1eaft t\u1ea1o ki\u1ec3u, c\u1eaft l\u00f4ng ch\u00f3, c\u1eaft l\u00f4ng th\u00fa c\u01b0ng\" width=\"1113\" height=\"1080\" srcset=\"https:\/\/zivpet.com\/wp-content\/uploads\/2023\/03\/Ziv8.jpg 1113w, https:\/\/zivpet.com\/wp-content\/uploads\/2023\/03\/Ziv8-300x291.jpg 300w, https:\/\/zivpet.com\/wp-content\/uploads\/2023\/03\/Ziv8-1024x994.jpg 1024w, https:\/\/zivpet.com\/wp-content\/uploads\/2023\/03\/Ziv8-768x745.jpg 768w\" sizes=\"auto, (max-width: 1113px) 100vw, 1113px\" \/><\/p>\n<p><img loading=\"lazy\" decoding=\"async\" class=\"alignnone wp-image-99 size-full\" src=\"http:\/\/zivpet.com\/wp-content\/uploads\/2023\/03\/Ziv6.jpg\" alt=\"Ziv Pet Spa Grooming, Pet Groomer, C\u1eaft t\u1ea1o ki\u1ec3u, c\u1eaft l\u00f4ng ch\u00f3, c\u1eaft l\u00f4ng th\u00fa c\u01b0ng\" width=\"1113\" height=\"1080\" srcset=\"https:\/\/zivpet.com\/wp-content\/uploads\/2023\/03\/Ziv6.jpg 1113w, https:\/\/zivpet.com\/wp-content\/uploads\/2023\/03\/Ziv6-300x291.jpg 300w, https:\/\/zivpet.com\/wp-content\/uploads\/2023\/03\/Ziv6-1024x994.jpg 1024w, https:\/\/zivpet.com\/wp-content\/uploads\/2023\/03\/Ziv6-768x745.jpg 768w\" sizes=\"auto, (max-width: 1113px) 100vw, 1113px\" \/><\/p>\n<p><strong><span style=\"color: #ff0000;\">Gi\u1ea3m 20% D\u1ecbch V\u1ee5 C\u1eaft T\u1ec9a Ho\u1eb7c C\u1ea1o Khi \u0110\u1eb7t L\u1ecbch Tr\u01b0\u1edbc<\/span><\/strong><br \/>\nZIV PET SPA GROOMING &amp; HOTEL<br \/>\n\u0110C: 49 X\u00f3m \u0110\u1ea5t, Ph\u01b0\u1eddng B\u00ecnh Th\u1edbi, Qu\u1eadn 11<br \/>\n(Li\u00ean H\u1ec7 \u0110T &amp; Zalo: 0901114913)<\/p>\n","protected":false},"excerpt":{"rendered":"<p>C\u1eaeT T\u1ec8A L\u00d4NG CHO CH\u00d3 &#8211; GROOMING NGH\u1ec6 THU\u1eacT TH\u1ea8M M\u1ef8 CH\u1ea4T L\u01af\u1ee2NG ZIV PET GROOMING t\u01b0\u0323 tin l\u00e0 n\u01a1i \u0111\u00e1ng tin c\u00e2\u0323y \u0111\u00ea\u0309 c\u00e1c Ba Me\u0323 c\u00f3 th\u00ea\u0309 g\u01b0\u0309i g\u0103\u0301m th\u00e0nh vi\u00ean \u0111\u0103\u0323c bi\u00ea\u0323t cu\u0309a m\u00ecnh cho ZIV PET SPA GROOMING &amp; HOTEL ch\u0103m s\u00f3c b\u0103\u0300ng t\u00e2\u0301t ca\u0309 s\u01b0\u0323 y\u00eau th\u01b0\u01a1ng, \u00e2n c\u00e2\u0300n, chuy\u00ean [&hellip;]<\/p>\n","protected":false},"author":1,"featured_media":0,"parent":0,"menu_order":0,"comment_status":"closed","ping_status":"closed","template":"","meta":{"footnotes":""},"class_list":["post-27","page","type-page","status-publish","hentry"],"yoast_head":"<!-- This site is optimized with the Yoast SEO plugin v27.3 - https:\/\/yoast.com\/product\/yoast-seo-wordpress\/ -->\n<title>C\u1eaft T\u1ec9a C\u1ea1o L\u00f4ng - Ziv Pet Spa Grooming &amp; Hotel<\/title>\n<meta name=\"robots\" content=\"index, follow, max-snippet:-1, max-image-preview:large, max-video-preview:-1\" \/>\n<link rel=\"canonical\" href=\"https:\/\/zivpet.com\/?page_id=27\" \/>\n<meta property=\"og:locale\" content=\"vi_VN\" \/>\n<meta property=\"og:type\" content=\"article\" \/>\n<meta property=\"og:title\" content=\"C\u1eaft T\u1ec9a C\u1ea1o L\u00f4ng - Ziv Pet Spa Grooming &amp; Hotel\" \/>\n<meta property=\"og:description\" content=\"C\u1eaeT T\u1ec8A L\u00d4NG CHO CH\u00d3 &#8211; GROOMING NGH\u1ec6 THU\u1eacT TH\u1ea8M M\u1ef8 CH\u1ea4T L\u01af\u1ee2NG ZIV PET GROOMING t\u01b0\u0323 tin l\u00e0 n\u01a1i \u0111\u00e1ng tin c\u00e2\u0323y \u0111\u00ea\u0309 c\u00e1c Ba Me\u0323 c\u00f3 th\u00ea\u0309 g\u01b0\u0309i g\u0103\u0301m th\u00e0nh vi\u00ean \u0111\u0103\u0323c bi\u00ea\u0323t cu\u0309a m\u00ecnh cho ZIV PET SPA GROOMING &amp; HOTEL ch\u0103m s\u00f3c b\u0103\u0300ng t\u00e2\u0301t ca\u0309 s\u01b0\u0323 y\u00eau th\u01b0\u01a1ng, \u00e2n c\u00e2\u0300n, chuy\u00ean [&hellip;]\" \/>\n<meta property=\"og:url\" content=\"https:\/\/zivpet.com\/?page_id=27\" \/>\n<meta property=\"og:site_name\" content=\"Ziv Pet Spa Grooming &amp; Hotel\" \/>\n<meta property=\"article:modified_time\" content=\"2025-07-02T08:11:03+00:00\" \/>\n<meta property=\"og:image\" content=\"https:\/\/zivpet.com\/wp-content\/uploads\/2023\/03\/Ziv7.jpg\" \/>\n\t<meta property=\"og:image:width\" content=\"1113\" \/>\n\t<meta property=\"og:image:height\" content=\"1080\" \/>\n\t<meta property=\"og:image:type\" content=\"image\/jpeg\" \/>\n<meta name=\"twitter:card\" content=\"summary_large_image\" \/>\n<meta name=\"twitter:label1\" content=\"\u01af\u1edbc t\u00ednh th\u1eddi gian \u0111\u1ecdc\" \/>\n\t<meta name=\"twitter:data1\" content=\"5 ph\u00fat\" \/>\n<script type=\"application\/ld+json\" class=\"yoast-schema-graph\">{\"@context\":\"https:\\\/\\\/schema.org\",\"@graph\":[{\"@type\":\"WebPage\",\"@id\":\"https:\\\/\\\/zivpet.com\\\/?page_id=27\",\"url\":\"https:\\\/\\\/zivpet.com\\\/?page_id=27\",\"name\":\"C\u1eaft T\u1ec9a C\u1ea1o L\u00f4ng - Ziv Pet Spa Grooming &amp; Hotel\",\"isPartOf\":{\"@id\":\"https:\\\/\\\/zivpet.com\\\/#website\"},\"primaryImageOfPage\":{\"@id\":\"https:\\\/\\\/zivpet.com\\\/?page_id=27#primaryimage\"},\"image\":{\"@id\":\"https:\\\/\\\/zivpet.com\\\/?page_id=27#primaryimage\"},\"thumbnailUrl\":\"http:\\\/\\\/zivpet.com\\\/wp-content\\\/uploads\\\/2023\\\/03\\\/Ziv7.jpg\",\"datePublished\":\"2023-02-18T19:21:43+00:00\",\"dateModified\":\"2025-07-02T08:11:03+00:00\",\"breadcrumb\":{\"@id\":\"https:\\\/\\\/zivpet.com\\\/?page_id=27#breadcrumb\"},\"inLanguage\":\"vi\",\"potentialAction\":[{\"@type\":\"ReadAction\",\"target\":[\"https:\\\/\\\/zivpet.com\\\/?page_id=27\"]}]},{\"@type\":\"ImageObject\",\"inLanguage\":\"vi\",\"@id\":\"https:\\\/\\\/zivpet.com\\\/?page_id=27#primaryimage\",\"url\":\"http:\\\/\\\/zivpet.com\\\/wp-content\\\/uploads\\\/2023\\\/03\\\/Ziv7.jpg\",\"contentUrl\":\"http:\\\/\\\/zivpet.com\\\/wp-content\\\/uploads\\\/2023\\\/03\\\/Ziv7.jpg\"},{\"@type\":\"BreadcrumbList\",\"@id\":\"https:\\\/\\\/zivpet.com\\\/?page_id=27#breadcrumb\",\"itemListElement\":[{\"@type\":\"ListItem\",\"position\":1,\"name\":\"Trang ch\u1ee7\",\"item\":\"https:\\\/\\\/zivpet.com\\\/\"},{\"@type\":\"ListItem\",\"position\":2,\"name\":\"C\u1eaft T\u1ec9a C\u1ea1o L\u00f4ng\"}]},{\"@type\":\"WebSite\",\"@id\":\"https:\\\/\\\/zivpet.com\\\/#website\",\"url\":\"https:\\\/\\\/zivpet.com\\\/\",\"name\":\"Ziv Pet Spa Grooming &amp; Hotel\",\"description\":\"\u1ede \u0110\u00e2y C\u1eaft L\u00f4ng Ch\u00f3, Xinh h\u01a1n ng\u01b0\u1eddi y\u00eau c\u0169 c\u1ee7a B\u1ea1n! Ziv Pet Groomer\",\"potentialAction\":[{\"@type\":\"SearchAction\",\"target\":{\"@type\":\"EntryPoint\",\"urlTemplate\":\"https:\\\/\\\/zivpet.com\\\/?s={search_term_string}\"},\"query-input\":{\"@type\":\"PropertyValueSpecification\",\"valueRequired\":true,\"valueName\":\"search_term_string\"}}],\"inLanguage\":\"vi\"}]}<\/script>\n<!-- \/ Yoast SEO plugin. -->","yoast_head_json":{"title":"C\u1eaft T\u1ec9a C\u1ea1o L\u00f4ng - Ziv Pet Spa Grooming &amp; Hotel","robots":{"index":"index","follow":"follow","max-snippet":"max-snippet:-1","max-image-preview":"max-image-preview:large","max-video-preview":"max-video-preview:-1"},"canonical":"https:\/\/zivpet.com\/?page_id=27","og_locale":"vi_VN","og_type":"article","og_title":"C\u1eaft T\u1ec9a C\u1ea1o L\u00f4ng - Ziv Pet Spa Grooming &amp; Hotel","og_description":"C\u1eaeT T\u1ec8A L\u00d4NG CHO CH\u00d3 &#8211; GROOMING NGH\u1ec6 THU\u1eacT TH\u1ea8M M\u1ef8 CH\u1ea4T L\u01af\u1ee2NG ZIV PET GROOMING t\u01b0\u0323 tin l\u00e0 n\u01a1i \u0111\u00e1ng tin c\u00e2\u0323y \u0111\u00ea\u0309 c\u00e1c Ba Me\u0323 c\u00f3 th\u00ea\u0309 g\u01b0\u0309i g\u0103\u0301m th\u00e0nh vi\u00ean \u0111\u0103\u0323c bi\u00ea\u0323t cu\u0309a m\u00ecnh cho ZIV PET SPA GROOMING &amp; HOTEL ch\u0103m s\u00f3c b\u0103\u0300ng t\u00e2\u0301t ca\u0309 s\u01b0\u0323 y\u00eau th\u01b0\u01a1ng, \u00e2n c\u00e2\u0300n, chuy\u00ean [&hellip;]","og_url":"https:\/\/zivpet.com\/?page_id=27","og_site_name":"Ziv Pet Spa Grooming &amp; Hotel","article_modified_time":"2025-07-02T08:11:03+00:00","og_image":[{"width":1113,"height":1080,"url":"https:\/\/zivpet.com\/wp-content\/uploads\/2023\/03\/Ziv7.jpg","type":"image\/jpeg"}],"twitter_card":"summary_large_image","twitter_misc":{"\u01af\u1edbc t\u00ednh th\u1eddi gian \u0111\u1ecdc":"5 ph\u00fat"},"schema":{"@context":"https:\/\/schema.org","@graph":[{"@type":"WebPage","@id":"https:\/\/zivpet.com\/?page_id=27","url":"https:\/\/zivpet.com\/?page_id=27","name":"C\u1eaft T\u1ec9a C\u1ea1o L\u00f4ng - Ziv Pet Spa Grooming &amp; Hotel","isPartOf":{"@id":"https:\/\/zivpet.com\/#website"},"primaryImageOfPage":{"@id":"https:\/\/zivpet.com\/?page_id=27#primaryimage"},"image":{"@id":"https:\/\/zivpet.com\/?page_id=27#primaryimage"},"thumbnailUrl":"http:\/\/zivpet.com\/wp-content\/uploads\/2023\/03\/Ziv7.jpg","datePublished":"2023-02-18T19:21:43+00:00","dateModified":"2025-07-02T08:11:03+00:00","breadcrumb":{"@id":"https:\/\/zivpet.com\/?page_id=27#breadcrumb"},"inLanguage":"vi","potentialAction":[{"@type":"ReadAction","target":["https:\/\/zivpet.com\/?page_id=27"]}]},{"@type":"ImageObject","inLanguage":"vi","@id":"https:\/\/zivpet.com\/?page_id=27#primaryimage","url":"http:\/\/zivpet.com\/wp-content\/uploads\/2023\/03\/Ziv7.jpg","contentUrl":"http:\/\/zivpet.com\/wp-content\/uploads\/2023\/03\/Ziv7.jpg"},{"@type":"BreadcrumbList","@id":"https:\/\/zivpet.com\/?page_id=27#breadcrumb","itemListElement":[{"@type":"ListItem","position":1,"name":"Trang ch\u1ee7","item":"https:\/\/zivpet.com\/"},{"@type":"ListItem","position":2,"name":"C\u1eaft T\u1ec9a C\u1ea1o L\u00f4ng"}]},{"@type":"WebSite","@id":"https:\/\/zivpet.com\/#website","url":"https:\/\/zivpet.com\/","name":"Ziv Pet Spa Grooming &amp; Hotel","description":"\u1ede \u0110\u00e2y C\u1eaft L\u00f4ng Ch\u00f3, Xinh h\u01a1n ng\u01b0\u1eddi y\u00eau c\u0169 c\u1ee7a B\u1ea1n! Ziv Pet Groomer","potentialAction":[{"@type":"SearchAction","target":{"@type":"EntryPoint","urlTemplate":"https:\/\/zivpet.com\/?s={search_term_string}"},"query-input":{"@type":"PropertyValueSpecification","valueRequired":true,"valueName":"search_term_string"}}],"inLanguage":"vi"}]}},"_links":{"self":[{"href":"https:\/\/zivpet.com\/index.php?rest_route=\/wp\/v2\/pages\/27","targetHints":{"allow":["GET"]}}],"collection":[{"href":"https:\/\/zivpet.com\/index.php?rest_route=\/wp\/v2\/pages"}],"about":[{"href":"https:\/\/zivpet.com\/index.php?rest_route=\/wp\/v2\/types\/page"}],"author":[{"embeddable":true,"href":"https:\/\/zivpet.com\/index.php?rest_route=\/wp\/v2\/users\/1"}],"replies":[{"embeddable":true,"href":"https:\/\/zivpet.com\/index.php?rest_route=%2Fwp%2Fv2%2Fcomments&post=27"}],"version-history":[{"count":12,"href":"https:\/\/zivpet.com\/index.php?rest_route=\/wp\/v2\/pages\/27\/revisions"}],"predecessor-version":[{"id":191,"href":"https:\/\/zivpet.com\/index.php?rest_route=\/wp\/v2\/pages\/27\/revisions\/191"}],"wp:attachment":[{"href":"https:\/\/zivpet.com\/index.php?rest_route=%2Fwp%2Fv2%2Fmedia&parent=27"}],"curies":[{"name":"wp","href":"https:\/\/api.w.org\/{rel}","templated":true}]}}