{"id":146,"date":"2023-05-01T07:12:02","date_gmt":"2023-05-01T07:12:02","guid":{"rendered":"https:\/\/zivpet.com\/?page_id=146"},"modified":"2023-05-01T07:12:02","modified_gmt":"2023-05-01T07:12:02","slug":"uu-dai-sinh-nhat","status":"publish","type":"page","link":"https:\/\/zivpet.com\/?page_id=146","title":{"rendered":"\u01afu \u0110\u00e3i Sinh Nh\u1eadt"},"content":{"rendered":"<p>M\u1eebng sinh nh\u1eadt h\u00e0ng th\u00e1ng \u01afu \u0110\u00e3i gi\u1ea3m ngay 25% cho t\u1ea5t c\u1ea3 d\u1ecbch v\u1ee5 t\u1ea1i Zivpet.<\/p>\n<p>Ba m\u1eb9 ch\u1ec9 c\u1ea7n \u0111\u00eam \u0111\u1ee7 ch\u1ee9ng nh\u1eadn gi\u1ea5y khai sinh ho\u1eb7c s\u1ed5 s\u1ee9c kh\u1ecfe c\u00f3 ghi \u0111\u1ee7 t\u00ean v\u00e0 th\u00e1ng n\u0103m sinh c\u1ee7a b\u00e9 \u0111\u1ebfn Zivpet Spa Grooming s\u1ebd \u0111\u01b0\u1ee3c gi\u1ea3m ngay 25% cho t\u1ea5t c\u1ea3 d\u1ecbch v\u1ee5, v\u00e0 ch\u1ec9 duy nh\u1ea5t 1 n\u0103m 1 l\u1ea7n.<\/p>\n<p>\u5e86\u795d\u5ba0\u7269\u5f53\u6708\u751f\u65e5\uff0c\u5728ZivPet\u5ba0\u7269\u7f8e\u5bb9\u4eab\u7528\u6240\u6709\u670d\u52a1\uff0c\u53ef\u4ee5\u4eab\u53d7\u5230\u5927\u4f18\u60e0\u51cf25%\u3002<\/p>\n<p>\u7236\u6bcd\u53ea\u9700\u5e26\u5ba0\u7269\u7684\u51fa\u751f\u8bc1\u4e66\u6216\u8005\u662f\u5065\u5eb7\u8bc1\u660e\u6709\u5ba0\u7269\u7684\u540d\u548c\u5e74\u6708\uff0c\u65e2\u53ef\u4ee5\u5728Ziv Pet\u5ba0\u7269\u7f8e\u5bb9\u4eab\u7528\u6240\u6709\u670d\u52a1\uff0c\u7279\u4ef7\u51cf25%\u3002\uff08\u53ea\u96501\u5e741\u6b21\uff09<\/p>\n<p><img loading=\"lazy\" decoding=\"async\" class=\"alignnone wp-image-147 size-full\" src=\"http:\/\/zivpet.com\/wp-content\/uploads\/2023\/05\/Promo-Birthday.jpg\" alt=\"\" width=\"1200\" height=\"900\" srcset=\"https:\/\/zivpet.com\/wp-content\/uploads\/2023\/05\/Promo-Birthday.jpg 1200w, https:\/\/zivpet.com\/wp-content\/uploads\/2023\/05\/Promo-Birthday-300x225.jpg 300w, https:\/\/zivpet.com\/wp-content\/uploads\/2023\/05\/Promo-Birthday-1024x768.jpg 1024w, https:\/\/zivpet.com\/wp-content\/uploads\/2023\/05\/Promo-Birthday-768x576.jpg 768w\" sizes=\"auto, (max-width: 1200px) 100vw, 1200px\" \/><\/p>\n","protected":false},"excerpt":{"rendered":"<p>M\u1eebng sinh nh\u1eadt h\u00e0ng th\u00e1ng \u01afu \u0110\u00e3i gi\u1ea3m ngay 25% cho t\u1ea5t c\u1ea3 d\u1ecbch v\u1ee5 t\u1ea1i Zivpet. Ba m\u1eb9 ch\u1ec9 c\u1ea7n \u0111\u00eam \u0111\u1ee7 ch\u1ee9ng nh\u1eadn gi\u1ea5y khai sinh ho\u1eb7c s\u1ed5 s\u1ee9c kh\u1ecfe c\u00f3 ghi \u0111\u1ee7 t\u00ean v\u00e0 th\u00e1ng n\u0103m sinh c\u1ee7a b\u00e9 \u0111\u1ebfn Zivpet Spa Grooming s\u1ebd \u0111\u01b0\u1ee3c gi\u1ea3m ngay 25% cho t\u1ea5t c\u1ea3 d\u1ecbch [&hellip;]<\/p>\n","protected":false},"author":1,"featured_media":0,"parent":0,"menu_order":0,"comment_status":"closed","ping_status":"closed","template":"","meta":{"footnotes":""},"class_list":["post-146","page","type-page","status-publish","hentry"],"yoast_head":"<!-- This site is optimized with the Yoast SEO plugin v27.4 - https:\/\/yoast.com\/product\/yoast-seo-wordpress\/ -->\n<title>\u01afu \u0110\u00e3i Sinh Nh\u1eadt - Ziv Pet Spa Grooming &amp; Hotel<\/title>\n<meta name=\"robots\" content=\"index, follow, max-snippet:-1, max-image-preview:large, max-video-preview:-1\" \/>\n<link rel=\"canonical\" href=\"https:\/\/zivpet.com\/?page_id=146\" \/>\n<meta property=\"og:locale\" content=\"vi_VN\" \/>\n<meta property=\"og:type\" content=\"article\" \/>\n<meta property=\"og:title\" content=\"\u01afu \u0110\u00e3i Sinh Nh\u1eadt - Ziv Pet Spa Grooming &amp; Hotel\" \/>\n<meta property=\"og:description\" content=\"M\u1eebng sinh nh\u1eadt h\u00e0ng th\u00e1ng \u01afu \u0110\u00e3i gi\u1ea3m ngay 25% cho t\u1ea5t c\u1ea3 d\u1ecbch v\u1ee5 t\u1ea1i Zivpet. Ba m\u1eb9 ch\u1ec9 c\u1ea7n \u0111\u00eam \u0111\u1ee7 ch\u1ee9ng nh\u1eadn gi\u1ea5y khai sinh ho\u1eb7c s\u1ed5 s\u1ee9c kh\u1ecfe c\u00f3 ghi \u0111\u1ee7 t\u00ean v\u00e0 th\u00e1ng n\u0103m sinh c\u1ee7a b\u00e9 \u0111\u1ebfn Zivpet Spa Grooming s\u1ebd \u0111\u01b0\u1ee3c gi\u1ea3m ngay 25% cho t\u1ea5t c\u1ea3 d\u1ecbch [&hellip;]\" \/>\n<meta property=\"og:url\" content=\"https:\/\/zivpet.com\/?page_id=146\" \/>\n<meta property=\"og:site_name\" content=\"Ziv Pet Spa Grooming &amp; Hotel\" \/>\n<meta property=\"og:image\" content=\"http:\/\/zivpet.com\/wp-content\/uploads\/2023\/05\/Promo-Birthday.jpg\" \/>\n<meta name=\"twitter:card\" content=\"summary_large_image\" \/>\n<script type=\"application\/ld+json\" class=\"yoast-schema-graph\">{\"@context\":\"https:\\\/\\\/schema.org\",\"@graph\":[{\"@type\":\"WebPage\",\"@id\":\"https:\\\/\\\/zivpet.com\\\/?page_id=146\",\"url\":\"https:\\\/\\\/zivpet.com\\\/?page_id=146\",\"name\":\"\u01afu \u0110\u00e3i Sinh Nh\u1eadt - Ziv Pet Spa Grooming &amp; Hotel\",\"isPartOf\":{\"@id\":\"https:\\\/\\\/zivpet.com\\\/#website\"},\"primaryImageOfPage\":{\"@id\":\"https:\\\/\\\/zivpet.com\\\/?page_id=146#primaryimage\"},\"image\":{\"@id\":\"https:\\\/\\\/zivpet.com\\\/?page_id=146#primaryimage\"},\"thumbnailUrl\":\"http:\\\/\\\/zivpet.com\\\/wp-content\\\/uploads\\\/2023\\\/05\\\/Promo-Birthday.jpg\",\"datePublished\":\"2023-05-01T07:12:02+00:00\",\"breadcrumb\":{\"@id\":\"https:\\\/\\\/zivpet.com\\\/?page_id=146#breadcrumb\"},\"inLanguage\":\"vi\",\"potentialAction\":[{\"@type\":\"ReadAction\",\"target\":[\"https:\\\/\\\/zivpet.com\\\/?page_id=146\"]}]},{\"@type\":\"ImageObject\",\"inLanguage\":\"vi\",\"@id\":\"https:\\\/\\\/zivpet.com\\\/?page_id=146#primaryimage\",\"url\":\"http:\\\/\\\/zivpet.com\\\/wp-content\\\/uploads\\\/2023\\\/05\\\/Promo-Birthday.jpg\",\"contentUrl\":\"http:\\\/\\\/zivpet.com\\\/wp-content\\\/uploads\\\/2023\\\/05\\\/Promo-Birthday.jpg\"},{\"@type\":\"BreadcrumbList\",\"@id\":\"https:\\\/\\\/zivpet.com\\\/?page_id=146#breadcrumb\",\"itemListElement\":[{\"@type\":\"ListItem\",\"position\":1,\"name\":\"Trang ch\u1ee7\",\"item\":\"https:\\\/\\\/zivpet.com\\\/\"},{\"@type\":\"ListItem\",\"position\":2,\"name\":\"\u01afu \u0110\u00e3i Sinh Nh\u1eadt\"}]},{\"@type\":\"WebSite\",\"@id\":\"https:\\\/\\\/zivpet.com\\\/#website\",\"url\":\"https:\\\/\\\/zivpet.com\\\/\",\"name\":\"Ziv Pet Spa Grooming &amp; Hotel\",\"description\":\"\u1ede \u0110\u00e2y C\u1eaft L\u00f4ng Ch\u00f3, Xinh h\u01a1n ng\u01b0\u1eddi y\u00eau c\u0169 c\u1ee7a B\u1ea1n! Ziv Pet Groomer\",\"potentialAction\":[{\"@type\":\"SearchAction\",\"target\":{\"@type\":\"EntryPoint\",\"urlTemplate\":\"https:\\\/\\\/zivpet.com\\\/?s={search_term_string}\"},\"query-input\":{\"@type\":\"PropertyValueSpecification\",\"valueRequired\":true,\"valueName\":\"search_term_string\"}}],\"inLanguage\":\"vi\"}]}<\/script>\n<!-- \/ Yoast SEO plugin. -->","yoast_head_json":{"title":"\u01afu \u0110\u00e3i Sinh Nh\u1eadt - Ziv Pet Spa Grooming &amp; Hotel","robots":{"index":"index","follow":"follow","max-snippet":"max-snippet:-1","max-image-preview":"max-image-preview:large","max-video-preview":"max-video-preview:-1"},"canonical":"https:\/\/zivpet.com\/?page_id=146","og_locale":"vi_VN","og_type":"article","og_title":"\u01afu \u0110\u00e3i Sinh Nh\u1eadt - Ziv Pet Spa Grooming &amp; Hotel","og_description":"M\u1eebng sinh nh\u1eadt h\u00e0ng th\u00e1ng \u01afu \u0110\u00e3i gi\u1ea3m ngay 25% cho t\u1ea5t c\u1ea3 d\u1ecbch v\u1ee5 t\u1ea1i Zivpet. Ba m\u1eb9 ch\u1ec9 c\u1ea7n \u0111\u00eam \u0111\u1ee7 ch\u1ee9ng nh\u1eadn gi\u1ea5y khai sinh ho\u1eb7c s\u1ed5 s\u1ee9c kh\u1ecfe c\u00f3 ghi \u0111\u1ee7 t\u00ean v\u00e0 th\u00e1ng n\u0103m sinh c\u1ee7a b\u00e9 \u0111\u1ebfn Zivpet Spa Grooming s\u1ebd \u0111\u01b0\u1ee3c gi\u1ea3m ngay 25% cho t\u1ea5t c\u1ea3 d\u1ecbch [&hellip;]","og_url":"https:\/\/zivpet.com\/?page_id=146","og_site_name":"Ziv Pet Spa Grooming &amp; Hotel","og_image":[{"url":"http:\/\/zivpet.com\/wp-content\/uploads\/2023\/05\/Promo-Birthday.jpg","type":"","width":"","height":""}],"twitter_card":"summary_large_image","schema":{"@context":"https:\/\/schema.org","@graph":[{"@type":"WebPage","@id":"https:\/\/zivpet.com\/?page_id=146","url":"https:\/\/zivpet.com\/?page_id=146","name":"\u01afu \u0110\u00e3i Sinh Nh\u1eadt - Ziv Pet Spa Grooming &amp; Hotel","isPartOf":{"@id":"https:\/\/zivpet.com\/#website"},"primaryImageOfPage":{"@id":"https:\/\/zivpet.com\/?page_id=146#primaryimage"},"image":{"@id":"https:\/\/zivpet.com\/?page_id=146#primaryimage"},"thumbnailUrl":"http:\/\/zivpet.com\/wp-content\/uploads\/2023\/05\/Promo-Birthday.jpg","datePublished":"2023-05-01T07:12:02+00:00","breadcrumb":{"@id":"https:\/\/zivpet.com\/?page_id=146#breadcrumb"},"inLanguage":"vi","potentialAction":[{"@type":"ReadAction","target":["https:\/\/zivpet.com\/?page_id=146"]}]},{"@type":"ImageObject","inLanguage":"vi","@id":"https:\/\/zivpet.com\/?page_id=146#primaryimage","url":"http:\/\/zivpet.com\/wp-content\/uploads\/2023\/05\/Promo-Birthday.jpg","contentUrl":"http:\/\/zivpet.com\/wp-content\/uploads\/2023\/05\/Promo-Birthday.jpg"},{"@type":"BreadcrumbList","@id":"https:\/\/zivpet.com\/?page_id=146#breadcrumb","itemListElement":[{"@type":"ListItem","position":1,"name":"Trang ch\u1ee7","item":"https:\/\/zivpet.com\/"},{"@type":"ListItem","position":2,"name":"\u01afu \u0110\u00e3i Sinh Nh\u1eadt"}]},{"@type":"WebSite","@id":"https:\/\/zivpet.com\/#website","url":"https:\/\/zivpet.com\/","name":"Ziv Pet Spa Grooming &amp; Hotel","description":"\u1ede \u0110\u00e2y C\u1eaft L\u00f4ng Ch\u00f3, Xinh h\u01a1n ng\u01b0\u1eddi y\u00eau c\u0169 c\u1ee7a B\u1ea1n! Ziv Pet Groomer","potentialAction":[{"@type":"SearchAction","target":{"@type":"EntryPoint","urlTemplate":"https:\/\/zivpet.com\/?s={search_term_string}"},"query-input":{"@type":"PropertyValueSpecification","valueRequired":true,"valueName":"search_term_string"}}],"inLanguage":"vi"}]}},"_links":{"self":[{"href":"https:\/\/zivpet.com\/index.php?rest_route=\/wp\/v2\/pages\/146","targetHints":{"allow":["GET"]}}],"collection":[{"href":"https:\/\/zivpet.com\/index.php?rest_route=\/wp\/v2\/pages"}],"about":[{"href":"https:\/\/zivpet.com\/index.php?rest_route=\/wp\/v2\/types\/page"}],"author":[{"embeddable":true,"href":"https:\/\/zivpet.com\/index.php?rest_route=\/wp\/v2\/users\/1"}],"replies":[{"embeddable":true,"href":"https:\/\/zivpet.com\/index.php?rest_route=%2Fwp%2Fv2%2Fcomments&post=146"}],"version-history":[{"count":1,"href":"https:\/\/zivpet.com\/index.php?rest_route=\/wp\/v2\/pages\/146\/revisions"}],"predecessor-version":[{"id":148,"href":"https:\/\/zivpet.com\/index.php?rest_route=\/wp\/v2\/pages\/146\/revisions\/148"}],"wp:attachment":[{"href":"https:\/\/zivpet.com\/index.php?rest_route=%2Fwp%2Fv2%2Fmedia&parent=146"}],"curies":[{"name":"wp","href":"https:\/\/api.w.org\/{rel}","templated":true}]}}